{"id":1342,"date":"2024-03-15T09:13:06","date_gmt":"2024-03-15T09:13:06","guid":{"rendered":"https:\/\/staging.anest-iwata-knowledge.com\/informativa-sulla-privacy\/"},"modified":"2025-05-12T13:06:05","modified_gmt":"2025-05-12T13:06:05","slug":"informativa-sulla-privacy","status":"publish","type":"page","link":"https:\/\/www.anest-iwata-knowledge.com\/it\/informativa-sulla-privacy\/","title":{"rendered":"Informativa sulla privacy"},"content":{"rendered":"<div class=\"section section--grey\">\n      <h2 class=\"section__hl\">Informativa sulla privacy<\/h2>\n    <div class=\"center-wrapper center-wrapper--medium\">\n    <div id=\"basic-content-block_65f86117280e5\" class=\"basic-content block block--basic-content content-box\">\n      <p><strong>ANEST IWATA STRATEGIC CENTER SRL<\/strong> con sede in Cardano al Campo (VA), Via degli Aceri 1-5, in qualit\u00e0 di titolare del trattamento dei dati personali ai sensi del d. lgs. 196\/2003 e successive modifiche - Codice in materia di protezione dei dati personali (&#8220;Codice Privacy&#8221;) - e del Regolamento UE 679\/2016 applicabile dal 25 maggio 2018 - Regolamento Generale sulla Protezione dei Dati (&#8220;RGPD&#8221;) (di seguito Codice Privacy e RGPD sono collettivamente indicati come &#8220;Normativa Applicabile&#8221;) riconosce l&#8217;importanza della protezione dei dati personali e considera la loro tutela come uno degli obiettivi principali della propria attivit\u00e0.<br \/>\nIn conformit\u00e0 alla Normativa Applicabile siamo a fornire le dovute informazioni in merito al trattamento dei dati personali forniti. La presente informativa \u00e8 resa ai sensi dell&#8217;articolo 13 della Normativa Applicabile e che Anest Iwata Strategic Center srl ti invita a leggere con attenzione in quanto contiene importanti informazioni sulla protezione dei dati personali e sulle misure di sicurezza adottate per garantirne la riservatezza nel pieno rispetto della Normativa Applicabile.<br \/>\nAnest Iwata Strategic Center srl informa che il trattamento dei dati personali sar\u00e0 improntato ai principi di liceit\u00e0, correttezza, trasparenza, limitazione delle finalit\u00e0 e della conservazione, minimizzazione dei dati, esattezza, integrit\u00e0 e riservatezza. I dati personali saranno pertanto trattati in conformit\u00e0 alle disposizioni legislative della Normativa Applicabile e agli obblighi di riservatezza ivi previsti.    <\/p>\n<h3>1. RESPONSABILE DEL TRATTAMENTO DEI DATI<\/h3>\n<p>Ai sensi della Normativa Applicabile, il titolare del trattamento dei dati \u00e8 Anest Iwata Strategic Center srl con sede a Cardano al Campo (VA), Via degli Aceri 1-5.<\/p>\n<h3>2. DATI PERSONALI OGGETTO DI TRATTAMENTO<\/h3>\n<p>Per &#8220;Dati Personali&#8221; si intende qualsiasi informazione riguardante una persona fisica identificata o identificabile, con particolare riferimento a un identificativo come il nome, un numero di identificazione, dati relativi all&#8217;ubicazione, un identificativo online, o uno o pi\u00f9 elementi caratteristici della sua identit\u00e0 fisica, fisiologica, psicologica, economica, culturale o sociale.<br \/>\nPer &#8220;Dati particolari&#8221; si intendono i dati personali idonei a rivelare l&#8217;origine razziale ed etnica, le convinzioni religiose o filosofiche, l&#8217;appartenenza sindacale, nonch\u00e9 i dati genetici e biometrici, i dati relativi alla salute o alla vita sessuale o all&#8217;orientamento sessuale di una persona.<br \/>\n&#8220;Dati giudiziari&#8221;: dati personali relativi a condanne penali e reati o a misure di sicurezza correlate.<br \/>\nPer &#8220;trattamento&#8221; si intende qualsiasi operazione o insieme di operazioni, eseguite con o senza l&#8217;ausilio di processi automatizzati e applicate a dati personali o a insiemi di dati personali, quali la raccolta, la registrazione, l&#8217;organizzazione, la strutturazione, la conservazione, l&#8217;adattamento o la modifica, l&#8217;estrazione, la consultazione, l&#8217;uso, la comunicazione mediante trasmissione, diffusione o qualsiasi altra forma di messa a disposizione, il raffronto o l&#8217;interconnessione, la limitazione, la cancellazione o la distruzione.<\/p>\n<h3>3. LUOGO DI TRATTAMENTO DEI DATI<\/h3>\n<p>Il trattamento dei dati ha luogo presso la predetta sede del titolare, presso le sedi operative e presso terzi individuati.<\/p>\n<h3>4. TIPI DI DATI TRATTATI<\/h3>\n<p>Il trattamento riguarda i dati personali e identificativi forniti volontariamente dall&#8217;interessato (a titolo esemplificativo e non esaustivo: nome, cognome, indirizzo, partita IVA, codice fiscale, numero di telefono fisso o mobile, indirizzo e-mail, coordinate bancarie, ecc.)<\/p>\n<h3>5. FINALIT\u00c0, BASE GIURIDICA E NATURA OBBLIGATORIA O FACOLTATIVA DEL TRATTAMENTO<\/h3>\n<p>I dati personali forniti volontariamente saranno trattati dal titolare del trattamento per le seguenti finalit\u00e0:<\/p>\n<p><strong>A. Amministrativo-contabile.<\/strong><br \/>\nAi fini dell&#8217;applicazione delle disposizioni in materia di protezione dei dati personali, i trattamenti effettuati per finalit\u00e0 amministrativo-contabili sono quelli relativi allo svolgimento di attivit\u00e0 di natura organizzativa, amministrativa, finanziaria e contabile, indipendentemente dalla natura dei dati trattati. In particolare, perseguono tali finalit\u00e0 le attivit\u00e0 organizzative interne, quelle funzionali all&#8217;adempimento degli obblighi contrattuali e precontrattuali, la gestione del rapporto di lavoro in tutte le sue fasi, la tenuta della contabilit\u00e0 e l&#8217;applicazione della normativa in materia fiscale, sindacale, previdenziale-assistenziale, di salute, igiene e sicurezza sul lavoro. <\/p>\n<p><strong>B. Informative e promozionali<\/strong><br \/>\nL&#8217;utilizzo delle coordinate di posta elettronica fornite dal cliente nell&#8217;ambito della vendita di un prodotto o servizio ai fini della vendita diretta dei propri prodotti o servizi \u00e8 consentito per l&#8217;invio di informazioni e newsletter. L&#8217;interessato, al momento della raccolta e al momento dell&#8217;invio di ogni comunicazione, \u00e8 informato della possibilit\u00e0 di opporsi al trattamento in qualsiasi momento, in modo agevole e gratuito (art. 130 comma 4 del D.Lgs. 196\/03). Per cancellarsi dalla mailing list sar\u00e0 sufficiente scrivere in qualsiasi momento una e-mail all&#8217;indirizzo di posta elettronica privacy@anest-iwata-st.com con oggetto &#8220;cancellazione mailing list&#8221;.<br \/>\nC. Sicurezza, ai sensi del D.Lgs. 81\/2008. Con particolare riferimento ai dati identificativi liberamente conferiti dall&#8217;ospite\/visitatore presso la nostra sede (nome, cognome, ente o societ\u00e0 di appartenenza), il trattamento ha l&#8217;esclusiva finalit\u00e0 di garantire il rispetto delle procedure di sicurezza aziendali formalmente applicate, anche in virt\u00f9 della normativa vigente   <\/p>\n<h3>6. METODI DI ELABORAZIONE - ARCHIVIAZIONE DEI DATI<\/h3>\n<p>Il trattamento sar\u00e0 effettuato in forma automatizzata e manuale, con modalit\u00e0 e strumenti volti a garantire la massima sicurezza e riservatezza, da soggetti nominati responsabili e incaricati del trattamento ai sensi della normativa vigente. I dati saranno conservati per un periodo non superiore alle finalit\u00e0 per le quali i dati sono stati raccolti e successivamente trattati, e comunque in costanza del rapporto contrattuale o commerciale in essere. <\/p>\n<h3>7. AMBITO DI COMUNICAZIONE E DIFFUSIONE<\/h3>\n<p>I dati oggetto del trattamento non saranno diffusi, salvo esplicita autorizzazione dell&#8217;interessato rilasciata a seguito di apposita informativa. I dati potranno invece essere comunicati a societ\u00e0 contrattualmente legate al Titolare del trattamento e, ove necessario, anche a soggetti all&#8217;interno e all&#8217;esterno dell&#8217;Unione Europea, in conformit\u00e0 e nei limiti di cui all&#8217;art. 42 dell&#8217;art. 42. 42 dall&#8217;Art. 43 e dall&#8217;art. 44 del D.Lgs. n. 196\/2003. 44 del D.Lgs. 196\/2003. I dati potranno essere comunicati in tal senso a terzi appartenenti alle seguenti categorie:<br \/>\n- soggetti che forniscono servizi per la gestione del sistema informativo utilizzato dal Titolare e delle reti di telecomunicazioni, e che curano la manutenzione della parte tecnologica (compreso il servizio di posta elettronica e newsletter);<br \/>\n- soggetti ed enti che collaborano con il Titolare del trattamento per la realizzazione dei corsi di formazione quali, a titolo esemplificativo e non esaustivo: docenti, Fondi Paritetici Interprofessionali;<br \/>\n- liberi professionisti, aziende o societ\u00e0 nell&#8217;ambito di rapporti di assistenza e consulenza;<br \/>\n- soggetti che svolgono compiti di controllo, revisione e certificazione delle attivit\u00e0 poste in essere dal Titolare del trattamento;<br \/>\n- autorit\u00e0 competenti per l&#8217;adempimento di obblighi di legge e\/o di disposizioni di enti pubblici, su richiesta degli stessi.<br \/>\nI dati identificativi trattati in applicazione delle procedure di sicurezza dell&#8217;azienda non sono soggetti a comunicazione, salvo espressa e specifica richiesta da parte delle autorit\u00e0 giudiziarie e investigative competenti.<br \/>\nI soggetti appartenenti alle categorie di cui sopra svolgono la funzione di Responsabile del trattamento, oppure operano in piena autonomia come distinti Titolari del trattamento. L&#8217;elenco dei responsabili del trattamento \u00e8 costantemente aggiornato e disponibile su richiesta presso la sede del Titolare del trattamento.<br \/>\nOgni ulteriore comunicazione o diffusione avverr\u00e0 solo con il consenso esplicito dell&#8217;interessato.<br \/>\nInoltre, nel corso delle ordinarie attivit\u00e0 di trattamento, i dati personali e identificativi potranno essere consultati e quindi venire a conoscenza dei soggetti espressamente designati dalla scrivente quali responsabili e\/o incaricati del trattamento, autorizzati secondo i rispettivi profili. <\/p>\n<h3>8. NATURA DEL CONFERIMENTO E DEL RIFIUTO<\/h3>\n<p>Per quanto riguarda i dati che siamo obbligati a conoscere per adempiere agli obblighi derivanti dai contratti in essere, nonch\u00e9 agli obblighi previsti da leggi, regolamenti, dalla normativa comunitaria, o da disposizioni impartite da Autorit\u00e0 a ci\u00f2 legittimate dalla legge e da organi di vigilanza e controllo, il mancato conferimento di tali dati comporter\u00e0 l&#8217;impossibilit\u00e0 di instaurare o proseguire il rapporto, nei limiti in cui tali dati siano necessari per l&#8217;esecuzione dello stesso. Il conferimento dei dati per consentire al Titolare di inviare comunicazioni commerciali \u00e8 facoltativo; l&#8217;interessato potr\u00e0 opporsi al trattamento in qualsiasi momento esercitando i diritti previsti dalla Normativa Applicabile nelle forme e nei modi qui indicati.<br \/>\nIl Titolare rende altres\u00ec noto che l&#8217;eventuale mancata o errata comunicazione di una delle informazioni obbligatorie ha come conseguenze emergenti:<br \/>\n- l&#8217;impossibilit\u00e0 per il Titolare di garantire l&#8217;adeguatezza del trattamento stesso ai patti contrattuali per i quali esso viene effettuato;<br \/>\n- la possibile mancata corrispondenza dei risultati del trattamento stesso agli obblighi imposti dalla normativa fiscale, amministrativa e civile cui esso \u00e8 rivolto.<br \/>\nIl consenso del titolare al trattamento dei suddetti dati da parte di Anest Iwata Strategic Center srl non \u00e8 necessario in relazione all&#8217;esecuzione di un contratto tra le parti o all&#8217;esecuzione di misure precontrattuali adottate su richiesta del titolare; in virt\u00f9 dell&#8217;art. 6 comma b) tali dati saranno trattati senza alcuna necessit\u00e0 di consenso, nel caso di dati comuni funzionali a tali adempimenti.<\/p>\n<h3>9. DIRITTO DI ACCESSO AI DATI PERSONALI E ALTRI DIRITTI<\/h3>\n<p>Infine, ti informiamo che in qualsiasi momento potrai esercitare i tuoi diritti nei confronti del titolare del trattamento in conformit\u00e0 alla Normativa Applicabile (Capitolo III, Articoli da 15 a 22), ottenendo cos\u00ec la conferma dell&#8217;esistenza o meno dei medesimi dati, conoscendone il contenuto e l&#8217;origine, verificandone l&#8217;esattezza, richiedendone l&#8217;integrazione, l&#8217;aggiornamento o la rettifica.<br \/>\nQuando ricorrono le condizioni previste dalla Normativa Applicabile, hai il diritto di chiedere la cancellazione, la limitazione del trattamento, la portabilit\u00e0, nonch\u00e9 di opporti, per motivi legittimi, al loro trattamento.<br \/>\nIn particolare: diritto di accesso (art. 15), rettifica (art. 16), cancellazione\/oblio (art. 17), limitazione del trattamento (art. 18), portabilit\u00e0 dei dati (art. 20), opposizione (art. 21)<br \/>\nAi sensi dell&#8217;art. 13, par. 1, lettera a), del D.Lgs. n. 196\/2003. 13 par. 2 lett d) sei informato del tuo diritto di proporre reclamo all&#8217;Autorit\u00e0 Garante per la protezione dei dati personali qualora ritenga che i tuoi diritti di interessato siano stati violati. <\/p>\n<h3>10. MODIFICHE A QUESTA POLITICA<\/h3>\n<p>Questa politica \u00e8 soggetta a modifiche. Ti consigliamo di consultare regolarmente il nostro sito istituzionale www.anest-iwata-coating.com e di fare riferimento alla versione pi\u00f9 aggiornata. <\/p>\n<p>Cardano al Campo 01\/10\/2019<\/p>\n    <\/div>\n  <\/div>\n<\/div>\n\n","protected":false},"excerpt":{"rendered":"","protected":false},"author":1,"featured_media":0,"parent":0,"menu_order":0,"comment_status":"closed","ping_status":"closed","template":"","meta":{"_acf_changed":false,"footnotes":""},"class_list":["post-1342","page","type-page","status-publish","hentry"],"acf":[],"_links":{"self":[{"href":"https:\/\/www.anest-iwata-knowledge.com\/it\/wp-json\/wp\/v2\/pages\/1342","targetHints":{"allow":["GET"]}}],"collection":[{"href":"https:\/\/www.anest-iwata-knowledge.com\/it\/wp-json\/wp\/v2\/pages"}],"about":[{"href":"https:\/\/www.anest-iwata-knowledge.com\/it\/wp-json\/wp\/v2\/types\/page"}],"author":[{"embeddable":true,"href":"https:\/\/www.anest-iwata-knowledge.com\/it\/wp-json\/wp\/v2\/users\/1"}],"replies":[{"embeddable":true,"href":"https:\/\/www.anest-iwata-knowledge.com\/it\/wp-json\/wp\/v2\/comments?post=1342"}],"version-history":[{"count":2,"href":"https:\/\/www.anest-iwata-knowledge.com\/it\/wp-json\/wp\/v2\/pages\/1342\/revisions"}],"predecessor-version":[{"id":1621,"href":"https:\/\/www.anest-iwata-knowledge.com\/it\/wp-json\/wp\/v2\/pages\/1342\/revisions\/1621"}],"wp:attachment":[{"href":"https:\/\/www.anest-iwata-knowledge.com\/it\/wp-json\/wp\/v2\/media?parent=1342"}],"curies":[{"name":"wp","href":"https:\/\/api.w.org\/{rel}","templated":true}]}}