{"id":1344,"date":"2024-03-15T09:13:06","date_gmt":"2024-03-15T09:13:06","guid":{"rendered":"https:\/\/staging.anest-iwata-knowledge.com\/datenschutzbestimmungen\/"},"modified":"2025-05-12T13:06:36","modified_gmt":"2025-05-12T13:06:36","slug":"datenschutzbestimmungen","status":"publish","type":"page","link":"https:\/\/www.anest-iwata-knowledge.com\/de\/datenschutzbestimmungen\/","title":{"rendered":"Datenschutzbestimmungen"},"content":{"rendered":"<div class=\"section section--grey\">\n      <h2 class=\"section__hl\">Datenschutzbestimmungen<\/h2>\n    <div class=\"center-wrapper center-wrapper--medium\">\n    <div id=\"basic-content-block_65f86117280e5\" class=\"basic-content block block--basic-content content-box\">\n      <p><strong>ANEST IWATA STRATEGIC CENTER SRL<\/strong> mit Sitz in Cardano al Campo (VA), Via degli Aceri 1-5, als Verantwortlicher f\u00fcr die Verarbeitung der personenbezogenen Daten gem\u00e4\u00df d. lgs. 196\/2003 und nachfolgenden \u00c4nderungen - Datenschutzkodex (&#8222;Datenschutzkodex&#8220;) - und der EU-Verordnung 679\/2016, die seit dem 25. Mai 2018 gilt - Allgemeine Datenschutzverordnung (&#8222;RGPD&#8220;) (im Folgenden werden Datenschutzkodex und RGPD gemeinsam als &#8222;Anwendbare Rechtsvorschriften&#8220; bezeichnet), erkennt die Bedeutung des Schutzes personenbezogener Daten an und betrachtet deren Schutz als eines der Hauptziele seiner T\u00e4tigkeit.<br \/>\nIn \u00dcbereinstimmung mit den Anwendbaren Rechtsvorschriften sind wir verpflichtet, ordnungsgem\u00e4\u00dfe Informationen \u00fcber die Verarbeitung der bereitgestellten personenbezogenen Daten zu erteilen. Diese Informationen werden gem\u00e4\u00df Artikel 13 der geltenden Gesetzgebung zur Verf\u00fcgung gestellt und Anest Iwata Strategic Center srl bittet Sie, diese sorgf\u00e4ltig zu lesen, da sie wichtige Informationen \u00fcber den Schutz personenbezogener Daten und die Sicherheitsma\u00dfnahmen zur Gew\u00e4hrleistung ihrer Vertraulichkeit in voller \u00dcbereinstimmung mit der geltenden Gesetzgebung enthalten.<br \/>\nAnest Iwata Strategic Center srl informiert, dass die Verarbeitung personenbezogener Daten auf den Grunds\u00e4tzen der Rechtm\u00e4\u00dfigkeit, Fairness, Transparenz, Zweckbindung und Speicherung, Datenminimierung, Genauigkeit, Integrit\u00e4t und Vertraulichkeit beruht. Personenbezogene Daten werden daher in \u00dcbereinstimmung mit den gesetzlichen Bestimmungen der anwendbaren Gesetzgebung und den darin enthaltenen Geheimhaltungspflichten verarbeitet.    <\/p>\n<h3>1. DATENKONTROLLEUR<\/h3>\n<p>Gem\u00e4\u00df den geltenden Bestimmungen ist der Inhaber der Datenverarbeitung Anest Iwata Strategic Center srl mit Sitz in Cardano al Campo (VA), Via degli Aceri 1-5.<\/p>\n<h3>2. PERSONENBEZOGENE DATEN, DIE DER VERARBEITUNG UNTERLIEGEN<\/h3>\n<p>&#8222;Personenbezogene Daten&#8220; sind alle Informationen, die sich auf eine identifizierte oder identifizierbare nat\u00fcrliche Person beziehen, insbesondere in Bezug auf eine Kennung wie einen Namen, eine Kennnummer, Standortdaten, eine Online-Kennung oder ein oder mehrere charakteristische Elemente ihrer physischen, physiologischen, psychologischen, wirtschaftlichen, kulturellen oder sozialen Identit\u00e4t.<br \/>\n&#8222;Besondere Daten&#8220; sind personenbezogene Daten, aus denen die rassische und ethnische Herkunft, religi\u00f6se oder philosophische \u00dcberzeugungen oder die Mitgliedschaft in einer Gewerkschaft hervorgehen, sowie genetische und biometrische Daten, Daten \u00fcber die Gesundheit oder das Sexualleben oder die sexuelle Ausrichtung einer Person.<br \/>\n&#8222;Strafrechtliche Daten&#8220; sind personenbezogene Daten, die sich auf strafrechtliche Verurteilungen und Straftaten oder damit verbundene Sicherheitsma\u00dfnahmen beziehen.<br \/>\n&#8222;Verarbeitung&#8220; ist jeder mit oder ohne Hilfe automatisierter Verfahren ausgef\u00fchrte Vorgang oder jede Vorgangsreihe im Zusammenhang mit personenbezogenen Daten oder einer Reihe personenbezogener Daten wie das Erheben, das Erfassen, die Organisation, die Strukturierung, die Speicherung, die Anpassung oder Ver\u00e4nderung, das Auslesen, das Abfragen, die Benutzung, die \u00dcbermittlung durch \u00dcbermittlung, Verbreitung oder jede andere Form der Bereitstellung, der Abgleich oder die Verkn\u00fcpfung, die Einschr\u00e4nkung, das L\u00f6schen oder die Vernichtung.<\/p>\n<h3>3. ORT DER DATENVERARBEITUNG<\/h3>\n<p>Die Datenverarbeitung findet am oben genannten Sitz des Inhabers, in den Betriebsb\u00fcros und bei identifizierten Dritten statt.<\/p>\n<h3>4. ARTEN VON VERARBEITETEN DATEN<\/h3>\n<p>Die Verarbeitung umfasst personenbezogene und identifizierende Daten, die von der betroffenen Person freiwillig zur Verf\u00fcgung gestellt werden (z.B.: Vorname, Nachname, Adresse, Mehrwertsteuernummer, Steuernummer, Festnetz- oder Mobiltelefonnummer, E-Mail-Adresse, Bankverbindung usw.).<\/p>\n<h3>5. ZWECK, RECHTSGRUNDLAGE UND OBLIGATORISCHER ODER FAKULTATIVER CHARAKTER DER VERARBEITUNG<\/h3>\n<p>Freiwillig zur Verf\u00fcgung gestellte personenbezogene Daten werden von dem f\u00fcr die Verarbeitung Verantwortlichen f\u00fcr die folgenden Zwecke verarbeitet:<\/p>\n<p><strong>A. Verwaltung und Buchhaltung.<\/strong><br \/>\nF\u00fcr die Zwecke der Anwendung der Bestimmungen zum Schutz personenbezogener Daten sind Verarbeitungen zu Zwecken der Verwaltung und Buchhaltung solche, die mit der Durchf\u00fchrung von T\u00e4tigkeiten organisatorischer, administrativer, finanzieller und buchhalterischer Art verbunden sind, unabh\u00e4ngig von der Art der verarbeiteten Daten. Zu diesen Zwecken geh\u00f6ren insbesondere interne organisatorische T\u00e4tigkeiten, T\u00e4tigkeiten, die der Erf\u00fcllung vertraglicher und vorvertraglicher Verpflichtungen dienen, die Verwaltung des Arbeitsverh\u00e4ltnisses in all seinen Phasen, die Buchf\u00fchrung und die Anwendung von Vorschriften in den Bereichen Steuern, Gewerkschaften, Sozialversicherung, Gesundheit, Hygiene und Sicherheit am Arbeitsplatz. <\/p>\n<p><strong>B. Informationen und Werbung<\/strong><br \/>\nDie Verwendung der vom Kunden im Rahmen des Verkaufs eines Produkts oder einer Dienstleistung zur Verf\u00fcgung gestellten E-Mail-Koordinaten zum Zwecke des Direktverkaufs der eigenen Produkte oder Dienstleistungen ist zum Zweck der Zusendung von Informationen und Newslettern gestattet. Die betroffene Person wird zum Zeitpunkt der Erhebung und zum Zeitpunkt des Versands jeder Mitteilung \u00fcber die M\u00f6glichkeit informiert, der Verarbeitung jederzeit, einfach und kostenlos zu widersprechen (Art. 130 Abs. 4 des Gesetzesdekrets 196\/03). Um sich von der Mailingliste abzumelden, gen\u00fcgt es, jederzeit eine E-Mail an die E-Mail-Adresse privacy@anest-iwata-st.com mit dem Betreff &#8222;Abmeldung Mailingliste&#8220; zu schreiben.<br \/>\nC. Sicherheit, gem\u00e4\u00df Gesetzesdekret 81\/2008. Insbesondere in Bezug auf die Identifikationsdaten, die der Gast\/Besucher in unseren R\u00e4umlichkeiten freiwillig angibt (Vorname, Nachname, K\u00f6rperschaft oder Unternehmen, dem er angeh\u00f6rt), dient die Verarbeitung ausschlie\u00dflich dem Zweck, die Einhaltung der formell angewandten Sicherheitsverfahren des Unternehmens zu gew\u00e4hrleisten, auch aufgrund der geltenden Vorschriften   <\/p>\n<h3>6. VERARBEITUNGSMETHODEN - DATENSPEICHERUNG<\/h3>\n<p>Die Verarbeitung erfolgt in automatisierter und manueller Form unter Verwendung von Methoden und Instrumenten, die ein H\u00f6chstma\u00df an Sicherheit und Vertraulichkeit gew\u00e4hrleisten, durch Personen, die als Datenverarbeiter und Verantwortliche f\u00fcr die Verarbeitung gem\u00e4\u00df den geltenden Vorschriften bestellt wurden. Die Daten werden f\u00fcr einen Zeitraum aufbewahrt, der nicht \u00fcber die Zwecke hinausgeht, f\u00fcr die die Daten erhoben und anschlie\u00dfend verarbeitet wurden, und in jedem Fall unter Beibehaltung der bestehenden vertraglichen oder kommerziellen Beziehung. <\/p>\n<h3>7. UMFANG DER KOMMUNIKATION UND VERBREITUNG<\/h3>\n<p>Die Daten, die Gegenstand der Verarbeitung sind, werden nicht weitergegeben, es sei denn, die betroffene Person hat dies nach entsprechender Information ausdr\u00fccklich genehmigt. Andererseits k\u00f6nnen die Daten an Unternehmen, die vertraglich an den f\u00fcr die Verarbeitung Verantwortlichen gebunden sind, und gegebenenfalls auch an Stellen innerhalb und au\u00dferhalb der Europ\u00e4ischen Union \u00fcbermittelt werden, und zwar in \u00dcbereinstimmung mit und innerhalb der Grenzen, die in Art. 42 durch Art. 43 und Art. 44 des Gesetzesdekrets Nr. 196\/2003. Die Daten k\u00f6nnen in diesem Sinne an Dritte weitergegeben werden, die zu den folgenden Kategorien geh\u00f6ren:<br \/>\n- Personen, die Dienstleistungen f\u00fcr die Verwaltung des vom Inhaber der Datenverarbeitung genutzten Informationssystems und der Telekommunikationsnetze erbringen und die sich um die Wartung des technologischen Teils k\u00fcmmern (einschlie\u00dflich E-Mail und Newsletter-Service);<br \/>\n- Personen und Einrichtungen, die mit dem f\u00fcr die Verarbeitung Verantwortlichen zusammenarbeiten, um die Schulungskurse durchzuf\u00fchren, wie z.B. Lehrer, Fondi Paritetici Interprofessionali, aber nicht ausschlie\u00dflich;<br \/>\n- Freiberufler, Firmen oder Unternehmen im Rahmen von Assistenz- und Beratungsverh\u00e4ltnissen;<br \/>\n- Personen, die Kontroll-, Audit- und Zertifizierungsaufgaben f\u00fcr die vom Datenverantwortlichen durchgef\u00fchrten Aktivit\u00e4ten wahrnehmen;<br \/>\n- zust\u00e4ndige Beh\u00f6rden f\u00fcr die Erf\u00fcllung von Verpflichtungen aus Gesetzen und\/oder Bestimmungen von \u00f6ffentlichen Einrichtungen, auf Anfrage derselben.<br \/>\nDie Identifikationsdaten, die in Anwendung der Sicherheitsverfahren des Unternehmens verarbeitet werden, werden nicht weitergegeben, au\u00dfer auf ausdr\u00fcckliche und spezifische Anfrage der zust\u00e4ndigen Justiz- und Ermittlungsbeh\u00f6rden.<br \/>\nSubjekte, die zu den oben genannten Kategorien geh\u00f6ren, \u00fcben die Funktion des Datenverarbeiters aus oder operieren v\u00f6llig unabh\u00e4ngig als separate Datenverantwortliche. Die Liste der Datenverarbeiter wird st\u00e4ndig aktualisiert und ist auf Anfrage im B\u00fcro des Inhabers der Datenverarbeitung erh\u00e4ltlich.<br \/>\nJede weitere Mitteilung oder Verbreitung erfolgt nur mit der ausdr\u00fccklichen Zustimmung der betroffenen Person.<br \/>\nDar\u00fcber hinaus k\u00f6nnen im Rahmen der gew\u00f6hnlichen Verarbeitungst\u00e4tigkeiten personenbezogene und identifizierende Daten zug\u00e4nglich gemacht werden und somit den Personen zur Kenntnis gelangen, die vom Verfasser ausdr\u00fccklich als Datenverarbeiter und\/oder Verantwortliche f\u00fcr die Verarbeitung benannt wurden und entsprechend ihrem jeweiligen Profil befugt sind. <\/p>\n<h3>8. ART DER VERLEIHUNG UND ABLEHNUNG<\/h3>\n<p>In Bezug auf die Daten, deren Kenntnis f\u00fcr die Erf\u00fcllung der Verpflichtungen aus bestehenden Vertr\u00e4gen und der Verpflichtungen aus Gesetzen, Verordnungen, EU-Rechtsvorschriften oder Bestimmungen der gesetzlich dazu befugten Beh\u00f6rden sowie der Aufsichts- und Kontrollorgane erforderlich ist, f\u00fchrt die Nichtbereitstellung dieser Daten dazu, dass die Gesch\u00e4ftsbeziehung nicht aufgenommen oder fortgesetzt werden kann, soweit diese Daten f\u00fcr die Ausf\u00fchrung der Gesch\u00e4ftsbeziehung erforderlich sind. Die Bereitstellung von Daten, die es dem Inhaber erm\u00f6glichen, kommerzielle Mitteilungen zu versenden, ist fakultativ; der Betroffene kann der Verarbeitung jederzeit widersprechen, indem er die in den geltenden Vorschriften vorgesehenen Rechte in der hier angegebenen Form und Weise aus\u00fcbt.<br \/>\nDer Inhaber weist au\u00dferdem darauf hin, dass jede Nichtmitteilung oder fehlerhafte Mitteilung einer der obligatorischen Informationen folgende Folgen hat:<br \/>\n-die Unf\u00e4higkeit des Inhabers, die Angemessenheit der Verarbeitung selbst gegen\u00fcber den vertraglichen Verpflichtungen, f\u00fcr die sie durchgef\u00fchrt wird, zu garantieren;<br \/>\n-die m\u00f6gliche Nicht\u00fcbereinstimmung der Ergebnisse der Verarbeitung selbst mit den Verpflichtungen, die durch das Steuer-, Verwaltungs- und Zivilrecht auferlegt werden, an die sie gerichtet ist.<br \/>\nDie Zustimmung des Eigent\u00fcmers zur Verarbeitung der oben genannten Daten durch Anest Iwata Strategic Center srl ist nicht erforderlich im Zusammenhang mit der Erf\u00fcllung eines Vertrages zwischen den Parteien oder der Durchf\u00fchrung vorvertraglicher Ma\u00dfnahmen, die auf Antrag des Eigent\u00fcmers getroffen werden; gem\u00e4\u00df Artikel 6 Absatz b) werden diese Daten verarbeitet, ohne dass eine Zustimmung erforderlich ist, wenn es sich um gemeinsame Daten handelt, die f\u00fcr solche Erf\u00fcllungen funktional sind.<\/p>\n<h3>9. RECHT AUF ZUGANG ZU PERS\u00d6NLICHEN DATEN UND ANDERE RECHTE<\/h3>\n<p>Schlie\u00dflich informieren wir Sie dar\u00fcber, dass Sie jederzeit Ihre Rechte gegen\u00fcber dem f\u00fcr die Datenverarbeitung Verantwortlichen gem\u00e4\u00df den geltenden Rechtsvorschriften (Kapitel III, Artikel 15 bis 22) aus\u00fcben k\u00f6nnen, d.h. die Best\u00e4tigung der Existenz oder Nichtexistenz derselben Daten zu erhalten, ihren Inhalt und Ursprung zu erfahren, ihre Richtigkeit zu \u00fcberpr\u00fcfen, ihre Erg\u00e4nzung, Aktualisierung oder Berichtigung zu verlangen.<br \/>\nWenn die in den geltenden Bestimmungen vorgesehenen Bedingungen erf\u00fcllt sind, haben Sie das Recht, die L\u00f6schung, die Einschr\u00e4nkung der Verarbeitung und die \u00dcbertragbarkeit zu verlangen sowie sich aus berechtigten Gr\u00fcnden der Verarbeitung zu widersetzen.<br \/>\nIm Einzelnen: Recht auf Auskunft (Art.15), Berichtigung (Art.16), L\u00f6schung\/Verpflichtung (Art.17), Einschr\u00e4nkung der Verarbeitung (Art.18), Daten\u00fcbertragbarkeit (Art. 20), Widerspruch (Art. 21)<br \/>\nGem\u00e4\u00df Art. 13 Abs. 2 Buchstabe d) werden Sie \u00fcber Ihr Recht informiert, eine Beschwerde bei der Datenschutzbeh\u00f6rde einzureichen, wenn Sie der Meinung sind, dass Ihre Rechte als betroffene Person verletzt wurden. <\/p>\n<h3>10. \u00c4NDERUNGEN AN DIESER POLITIK<\/h3>\n<p>Diese Richtlinie kann sich \u00e4ndern. Wir empfehlen Ihnen, unsere institutionelle Website www.anest-iwata-coating.com regelm\u00e4\u00dfig zu besuchen und sich auf die aktuellste Version zu beziehen. <\/p>\n<p>Cardano al Campo 01\/10\/2019<\/p>\n    <\/div>\n  <\/div>\n<\/div>\n\n","protected":false},"excerpt":{"rendered":"","protected":false},"author":1,"featured_media":0,"parent":0,"menu_order":0,"comment_status":"closed","ping_status":"closed","template":"","meta":{"_acf_changed":false,"footnotes":""},"class_list":["post-1344","page","type-page","status-publish","hentry"],"acf":[],"_links":{"self":[{"href":"https:\/\/www.anest-iwata-knowledge.com\/de\/wp-json\/wp\/v2\/pages\/1344","targetHints":{"allow":["GET"]}}],"collection":[{"href":"https:\/\/www.anest-iwata-knowledge.com\/de\/wp-json\/wp\/v2\/pages"}],"about":[{"href":"https:\/\/www.anest-iwata-knowledge.com\/de\/wp-json\/wp\/v2\/types\/page"}],"author":[{"embeddable":true,"href":"https:\/\/www.anest-iwata-knowledge.com\/de\/wp-json\/wp\/v2\/users\/1"}],"replies":[{"embeddable":true,"href":"https:\/\/www.anest-iwata-knowledge.com\/de\/wp-json\/wp\/v2\/comments?post=1344"}],"version-history":[{"count":2,"href":"https:\/\/www.anest-iwata-knowledge.com\/de\/wp-json\/wp\/v2\/pages\/1344\/revisions"}],"predecessor-version":[{"id":1622,"href":"https:\/\/www.anest-iwata-knowledge.com\/de\/wp-json\/wp\/v2\/pages\/1344\/revisions\/1622"}],"wp:attachment":[{"href":"https:\/\/www.anest-iwata-knowledge.com\/de\/wp-json\/wp\/v2\/media?parent=1344"}],"curies":[{"name":"wp","href":"https:\/\/api.w.org\/{rel}","templated":true}]}}